{"id":107,"date":"2016-03-16T09:35:35","date_gmt":"2016-03-16T07:35:35","guid":{"rendered":"https:\/\/evabrautigam.wordpress.com\/eva\/"},"modified":"2022-10-01T22:14:23","modified_gmt":"2022-10-01T20:14:23","slug":"eva","status":"publish","type":"page","link":"https:\/\/www.evabraeutigam.ch\/index.php\/eva\/","title":{"rendered":"Eva Br\u00e4utigam"},"content":{"rendered":"<table>\n<tbody>\n<tr>\n<td width=\"30%\">\n<p style=\"text-align: justify;\"><img loading=\"lazy\" class=\" wp-image-216 alignleft\" src=\"http:\/\/www.evabraeutigam.ch\/wp-content\/uploads\/2016\/03\/passfoto-200x300.jpg\" alt=\"passfoto\" width=\"176\" height=\"265\" srcset=\"https:\/\/evabraeutigam.ch\/wp-content\/uploads\/2016\/03\/passfoto-200x300.jpg 200w, https:\/\/evabraeutigam.ch\/wp-content\/uploads\/2016\/03\/passfoto-768x1153.jpg 768w, https:\/\/evabraeutigam.ch\/wp-content\/uploads\/2016\/03\/passfoto-682x1024.jpg 682w, https:\/\/evabraeutigam.ch\/wp-content\/uploads\/2016\/03\/passfoto-67x100.jpg 67w, https:\/\/evabraeutigam.ch\/wp-content\/uploads\/2016\/03\/passfoto-33x50.jpg 33w, https:\/\/evabraeutigam.ch\/wp-content\/uploads\/2016\/03\/passfoto.jpg 1228w\" sizes=\"(max-width: 176px) 100vw, 176px\" \/><\/p>\n<\/td>\n<td><span style=\"color: #313131;\"><span lang=\"de-DE\">Bei Eva Br\u00e4utigam trifft modernes Stilgef\u00fchl auf traditionelle Handwerkskunst. Ob exklusive Einzelst\u00fccke im Feinmass oder Masskonfektion im Premiumbereich \u2013 Eva Br\u00e4utigam erschafft Couture von einzigartiger Klasse und zeitloser Eleganz.<\/span><\/span><\/p>\n<p><strong><span style=\"color: #313131;\"><span lang=\"de-DE\">Mit Passion zur Perfektion<\/span><\/span><\/strong><\/p>\n<p><span style=\"color: #313131;\"><span lang=\"de-DE\">Eva Br\u00e4utigam zelebriert eine Handwerkskunst, die nur noch wenige beherrschen. Bei uns wird traditionsreiches K\u00f6nnen geliebt \u2013 und jeden Tag neu gelebt. Damit jene seltene Qualit\u00e4t entsteht, die sich anspruchsvolle Kunden w\u00fcnschen.<\/span><\/span><\/td>\n<\/tr>\n<tr>\n<td colspan=\"2\"><\/td>\n<\/tr>\n<\/tbody>\n<\/table>\n","protected":false},"excerpt":{"rendered":"<p>Bei Eva Br\u00e4utigam trifft modernes Stilgef\u00fchl auf traditionelle Handwerkskunst. Ob exklusive Einzelst\u00fccke im Feinmass oder Masskonfektion im Premiumbereich \u2013 Eva Br\u00e4utigam erschafft Couture von einzigartiger Klasse und zeitloser Eleganz. Mit Passion zur Perfektion Eva Br\u00e4utigam zelebriert eine Handwerkskunst, die nur noch wenige beherrschen. Bei uns wird traditionsreiches K\u00f6nnen geliebt \u2013 und jeden Tag neu gelebt. [&hellip;]<\/p>\n","protected":false},"author":1,"featured_media":235,"parent":0,"menu_order":0,"comment_status":"closed","ping_status":"closed","template":"","meta":[],"_links":{"self":[{"href":"https:\/\/www.evabraeutigam.ch\/index.php\/wp-json\/wp\/v2\/pages\/107"}],"collection":[{"href":"https:\/\/www.evabraeutigam.ch\/index.php\/wp-json\/wp\/v2\/pages"}],"about":[{"href":"https:\/\/www.evabraeutigam.ch\/index.php\/wp-json\/wp\/v2\/types\/page"}],"author":[{"embeddable":true,"href":"https:\/\/www.evabraeutigam.ch\/index.php\/wp-json\/wp\/v2\/users\/1"}],"replies":[{"embeddable":true,"href":"https:\/\/www.evabraeutigam.ch\/index.php\/wp-json\/wp\/v2\/comments?post=107"}],"version-history":[{"count":58,"href":"https:\/\/www.evabraeutigam.ch\/index.php\/wp-json\/wp\/v2\/pages\/107\/revisions"}],"predecessor-version":[{"id":697,"href":"https:\/\/www.evabraeutigam.ch\/index.php\/wp-json\/wp\/v2\/pages\/107\/revisions\/697"}],"wp:featuredmedia":[{"embeddable":true,"href":"https:\/\/www.evabraeutigam.ch\/index.php\/wp-json\/wp\/v2\/media\/235"}],"wp:attachment":[{"href":"https:\/\/www.evabraeutigam.ch\/index.php\/wp-json\/wp\/v2\/media?parent=107"}],"curies":[{"name":"wp","href":"https:\/\/api.w.org\/{rel}","templated":true}]}}