{"id":108,"date":"2016-03-16T09:36:01","date_gmt":"2016-03-16T07:36:01","guid":{"rendered":"https:\/\/evabrautigam.wordpress.com\/angebot\/"},"modified":"2016-10-02T11:02:16","modified_gmt":"2016-10-02T09:02:16","slug":"angebot","status":"publish","type":"page","link":"https:\/\/www.evabraeutigam.ch\/index.php\/angebot\/","title":{"rendered":"Angebot"},"content":{"rendered":"<p><span style=\"color: #313131;\"><span lang=\"de-DE\">Ob Feinmass oder Masskonfektion \u2013 bei Eva Br\u00e4\u00fctigam nehmen Sie von Anfang bis Ende Einfluss auf die Kreation. So realisieren wir Ihren pers\u00f6nlichen, unverwechselbaren Stil. Ihre Identit\u00e4t als Kleidung, die wie angegossen passt.<\/span><\/span><\/p>\n","protected":false},"excerpt":{"rendered":"<p>Ob Feinmass oder Masskonfektion \u2013 bei Eva Br\u00e4\u00fctigam nehmen Sie von Anfang bis Ende Einfluss auf die Kreation. So realisieren wir Ihren pers\u00f6nlichen, unverwechselbaren Stil. Ihre Identit\u00e4t als Kleidung, die wie angegossen passt.<\/p>\n","protected":false},"author":1,"featured_media":208,"parent":0,"menu_order":0,"comment_status":"closed","ping_status":"closed","template":"","meta":[],"_links":{"self":[{"href":"https:\/\/www.evabraeutigam.ch\/index.php\/wp-json\/wp\/v2\/pages\/108"}],"collection":[{"href":"https:\/\/www.evabraeutigam.ch\/index.php\/wp-json\/wp\/v2\/pages"}],"about":[{"href":"https:\/\/www.evabraeutigam.ch\/index.php\/wp-json\/wp\/v2\/types\/page"}],"author":[{"embeddable":true,"href":"https:\/\/www.evabraeutigam.ch\/index.php\/wp-json\/wp\/v2\/users\/1"}],"replies":[{"embeddable":true,"href":"https:\/\/www.evabraeutigam.ch\/index.php\/wp-json\/wp\/v2\/comments?post=108"}],"version-history":[{"count":6,"href":"https:\/\/www.evabraeutigam.ch\/index.php\/wp-json\/wp\/v2\/pages\/108\/revisions"}],"predecessor-version":[{"id":309,"href":"https:\/\/www.evabraeutigam.ch\/index.php\/wp-json\/wp\/v2\/pages\/108\/revisions\/309"}],"wp:featuredmedia":[{"embeddable":true,"href":"https:\/\/www.evabraeutigam.ch\/index.php\/wp-json\/wp\/v2\/media\/208"}],"wp:attachment":[{"href":"https:\/\/www.evabraeutigam.ch\/index.php\/wp-json\/wp\/v2\/media?parent=108"}],"curies":[{"name":"wp","href":"https:\/\/api.w.org\/{rel}","templated":true}]}}