{"id":13,"date":"2016-03-16T11:42:06","date_gmt":"2016-03-16T09:42:06","guid":{"rendered":"https:\/\/evabrautigam.wordpress.com\/?page_id=13"},"modified":"2018-03-21T21:49:24","modified_gmt":"2018-03-21T20:49:24","slug":"feinmass","status":"publish","type":"page","link":"https:\/\/www.evabraeutigam.ch\/index.php\/angebot\/feinmass\/","title":{"rendered":"Feinmass \/ Bespoke"},"content":{"rendered":"<p>Vom Design \u00fcber den Schnitt bist zur Fertigung \u2013 in der K\u00f6nigsdisziplin der Schneiderkunst verlangt jeder Arbeitsschritt handwerkliches K\u00f6nnen in h\u00f6chster Perfektion. Zuerst werden aus individuellen Kundenmassen spezifische Schnittmuster gezeichnet. Diverse Anproben dienen dem akkuraten Abstimmen s\u00e4mtlicher Details. So entstehen Einzelst\u00fccke mit einwandfreiem Sitz \u2013 aus Materialien, bei denen Kenner ins Schw\u00e4rmen geraten.<br \/>\nEva Br\u00e4utigam arbeitet nach dem traditionellen englischen Handwerk \u201eBespoke\u201c.<\/p>\n<div id='gallery-1' class='gallery galleryid-13 gallery-columns-3 gallery-size-large'><figure class='gallery-item'>\n\t\t\t<div class='gallery-icon landscape'>\n\t\t\t\t<a href='https:\/\/evabraeutigam.ch\/wp-content\/uploads\/2016\/03\/feinmass_02.jpg'><img width=\"620\" height=\"413\" src=\"https:\/\/evabraeutigam.ch\/wp-content\/uploads\/2016\/03\/feinmass_02-1024x682.jpg\" class=\"attachment-large size-large\" alt=\"\" loading=\"lazy\" srcset=\"https:\/\/evabraeutigam.ch\/wp-content\/uploads\/2016\/03\/feinmass_02-1024x682.jpg 1024w, https:\/\/evabraeutigam.ch\/wp-content\/uploads\/2016\/03\/feinmass_02-300x200.jpg 300w, https:\/\/evabraeutigam.ch\/wp-content\/uploads\/2016\/03\/feinmass_02-768x512.jpg 768w, https:\/\/evabraeutigam.ch\/wp-content\/uploads\/2016\/03\/feinmass_02-150x100.jpg 150w, https:\/\/evabraeutigam.ch\/wp-content\/uploads\/2016\/03\/feinmass_02-50x33.jpg 50w, https:\/\/evabraeutigam.ch\/wp-content\/uploads\/2016\/03\/feinmass_02.jpg 1843w\" sizes=\"(max-width: 620px) 100vw, 620px\" \/><\/a>\n\t\t\t<\/div><\/figure><figure class='gallery-item'>\n\t\t\t<div class='gallery-icon landscape'>\n\t\t\t\t<a href='https:\/\/evabraeutigam.ch\/wp-content\/uploads\/2016\/03\/feinmass_03.jpg'><img width=\"620\" height=\"413\" src=\"https:\/\/evabraeutigam.ch\/wp-content\/uploads\/2016\/03\/feinmass_03-1024x682.jpg\" class=\"attachment-large size-large\" alt=\"\" loading=\"lazy\" srcset=\"https:\/\/evabraeutigam.ch\/wp-content\/uploads\/2016\/03\/feinmass_03-1024x682.jpg 1024w, https:\/\/evabraeutigam.ch\/wp-content\/uploads\/2016\/03\/feinmass_03-300x200.jpg 300w, https:\/\/evabraeutigam.ch\/wp-content\/uploads\/2016\/03\/feinmass_03-768x512.jpg 768w, https:\/\/evabraeutigam.ch\/wp-content\/uploads\/2016\/03\/feinmass_03-150x100.jpg 150w, https:\/\/evabraeutigam.ch\/wp-content\/uploads\/2016\/03\/feinmass_03-50x33.jpg 50w, https:\/\/evabraeutigam.ch\/wp-content\/uploads\/2016\/03\/feinmass_03.jpg 1843w\" sizes=\"(max-width: 620px) 100vw, 620px\" \/><\/a>\n\t\t\t<\/div><\/figure><figure class='gallery-item'>\n\t\t\t<div class='gallery-icon landscape'>\n\t\t\t\t<a href='https:\/\/evabraeutigam.ch\/wp-content\/uploads\/2016\/03\/2015_10_05_EvaBra\u00cc\u0088utigam_WEB_Foto-155.jpg'><img width=\"620\" height=\"414\" src=\"https:\/\/evabraeutigam.ch\/wp-content\/uploads\/2016\/03\/2015_10_05_EvaBra\u00cc\u0088utigam_WEB_Foto-155-1024x683.jpg\" class=\"attachment-large size-large\" alt=\"\" loading=\"lazy\" srcset=\"https:\/\/evabraeutigam.ch\/wp-content\/uploads\/2016\/03\/2015_10_05_EvaBra\u00cc\u0088utigam_WEB_Foto-155-1024x683.jpg 1024w, https:\/\/evabraeutigam.ch\/wp-content\/uploads\/2016\/03\/2015_10_05_EvaBra\u00cc\u0088utigam_WEB_Foto-155-300x200.jpg 300w, https:\/\/evabraeutigam.ch\/wp-content\/uploads\/2016\/03\/2015_10_05_EvaBra\u00cc\u0088utigam_WEB_Foto-155-768x512.jpg 768w, https:\/\/evabraeutigam.ch\/wp-content\/uploads\/2016\/03\/2015_10_05_EvaBra\u00cc\u0088utigam_WEB_Foto-155-150x100.jpg 150w, https:\/\/evabraeutigam.ch\/wp-content\/uploads\/2016\/03\/2015_10_05_EvaBra\u00cc\u0088utigam_WEB_Foto-155-50x33.jpg 50w, https:\/\/evabraeutigam.ch\/wp-content\/uploads\/2016\/03\/2015_10_05_EvaBra\u00cc\u0088utigam_WEB_Foto-155.jpg 1500w\" sizes=\"(max-width: 620px) 100vw, 620px\" \/><\/a>\n\t\t\t<\/div><\/figure>\n\t\t<\/div>\n\n","protected":false},"excerpt":{"rendered":"<p>Vom Design \u00fcber den Schnitt bist zur Fertigung \u2013 in der K\u00f6nigsdisziplin der Schneiderkunst verlangt jeder Arbeitsschritt handwerkliches K\u00f6nnen in h\u00f6chster Perfektion. Zuerst werden aus individuellen Kundenmassen spezifische Schnittmuster gezeichnet. Diverse Anproben dienen dem akkuraten Abstimmen s\u00e4mtlicher Details. So entstehen Einzelst\u00fccke mit einwandfreiem Sitz \u2013 aus Materialien, bei denen Kenner ins Schw\u00e4rmen geraten. Eva Br\u00e4utigam [&hellip;]<\/p>\n","protected":false},"author":1,"featured_media":210,"parent":108,"menu_order":0,"comment_status":"closed","ping_status":"closed","template":"","meta":[],"_links":{"self":[{"href":"https:\/\/www.evabraeutigam.ch\/index.php\/wp-json\/wp\/v2\/pages\/13"}],"collection":[{"href":"https:\/\/www.evabraeutigam.ch\/index.php\/wp-json\/wp\/v2\/pages"}],"about":[{"href":"https:\/\/www.evabraeutigam.ch\/index.php\/wp-json\/wp\/v2\/types\/page"}],"author":[{"embeddable":true,"href":"https:\/\/www.evabraeutigam.ch\/index.php\/wp-json\/wp\/v2\/users\/1"}],"replies":[{"embeddable":true,"href":"https:\/\/www.evabraeutigam.ch\/index.php\/wp-json\/wp\/v2\/comments?post=13"}],"version-history":[{"count":9,"href":"https:\/\/www.evabraeutigam.ch\/index.php\/wp-json\/wp\/v2\/pages\/13\/revisions"}],"predecessor-version":[{"id":589,"href":"https:\/\/www.evabraeutigam.ch\/index.php\/wp-json\/wp\/v2\/pages\/13\/revisions\/589"}],"up":[{"embeddable":true,"href":"https:\/\/www.evabraeutigam.ch\/index.php\/wp-json\/wp\/v2\/pages\/108"}],"wp:featuredmedia":[{"embeddable":true,"href":"https:\/\/www.evabraeutigam.ch\/index.php\/wp-json\/wp\/v2\/media\/210"}],"wp:attachment":[{"href":"https:\/\/www.evabraeutigam.ch\/index.php\/wp-json\/wp\/v2\/media?parent=13"}],"curies":[{"name":"wp","href":"https:\/\/api.w.org\/{rel}","templated":true}]}}