{"id":17,"date":"2016-03-16T11:43:42","date_gmt":"2016-03-16T09:43:42","guid":{"rendered":"https:\/\/evabrautigam.wordpress.com\/?page_id=17"},"modified":"2020-07-21T20:54:17","modified_gmt":"2020-07-21T18:54:17","slug":"accessoires","status":"publish","type":"page","link":"https:\/\/www.evabraeutigam.ch\/index.php\/angebot\/accessoires\/","title":{"rendered":"Accessoires"},"content":{"rendered":"<div id=\"site\">\n<div class=\"inhalt\">\n<p><span style=\"color: #313131;\"><span lang=\"de-DE\">Zum Angebot von Eva Br\u00e4utigam g<\/span><\/span><span lang=\"de-DE\">eh\u00f6ren nicht nur Feinmass und Masskonfektion. Auch die Zusammenarbeit mit Schweizer Exklusiv-Partnern tragen zum Spitzenruf unseres Ateliers bei:<\/span><\/p>\n<ul>\n<li><span style=\"color: #313131;\"><span lang=\"de-DE\">Masshemden f\u00fcr Herren lassen wir von Bruli anfertigen. Als zus\u00e4tzliche Option lassen sich diese im Abonnement oder in einer Mehrfachbestellung beziehen.<\/span><\/span><\/li>\n<\/ul>\n<ul>\n<li><span style=\"color: #313131;\"><span lang=\"de-DE\">Zimmerli-Unterw\u00e4sche steht f\u00fcr Tragekomfort, der seinesgleichen sucht. Selbstverst\u00e4ndlich f\u00fcr Sie und Ihn, selbstverst\u00e4ndlich made in switzerland.<\/span><\/span><\/li>\n<\/ul>\n<\/div>\n<\/div>\n","protected":false},"excerpt":{"rendered":"<p>Zum Angebot von Eva Br\u00e4utigam geh\u00f6ren nicht nur Feinmass und Masskonfektion. Auch die Zusammenarbeit mit Schweizer Exklusiv-Partnern tragen zum Spitzenruf unseres Ateliers bei: Masshemden f\u00fcr Herren lassen wir von Bruli anfertigen. Als zus\u00e4tzliche Option lassen sich diese im Abonnement oder in einer Mehrfachbestellung beziehen. Zimmerli-Unterw\u00e4sche steht f\u00fcr Tragekomfort, der seinesgleichen sucht. Selbstverst\u00e4ndlich f\u00fcr Sie und [&hellip;]<\/p>\n","protected":false},"author":1,"featured_media":222,"parent":108,"menu_order":0,"comment_status":"closed","ping_status":"closed","template":"","meta":[],"_links":{"self":[{"href":"https:\/\/www.evabraeutigam.ch\/index.php\/wp-json\/wp\/v2\/pages\/17"}],"collection":[{"href":"https:\/\/www.evabraeutigam.ch\/index.php\/wp-json\/wp\/v2\/pages"}],"about":[{"href":"https:\/\/www.evabraeutigam.ch\/index.php\/wp-json\/wp\/v2\/types\/page"}],"author":[{"embeddable":true,"href":"https:\/\/www.evabraeutigam.ch\/index.php\/wp-json\/wp\/v2\/users\/1"}],"replies":[{"embeddable":true,"href":"https:\/\/www.evabraeutigam.ch\/index.php\/wp-json\/wp\/v2\/comments?post=17"}],"version-history":[{"count":6,"href":"https:\/\/www.evabraeutigam.ch\/index.php\/wp-json\/wp\/v2\/pages\/17\/revisions"}],"predecessor-version":[{"id":660,"href":"https:\/\/www.evabraeutigam.ch\/index.php\/wp-json\/wp\/v2\/pages\/17\/revisions\/660"}],"up":[{"embeddable":true,"href":"https:\/\/www.evabraeutigam.ch\/index.php\/wp-json\/wp\/v2\/pages\/108"}],"wp:featuredmedia":[{"embeddable":true,"href":"https:\/\/www.evabraeutigam.ch\/index.php\/wp-json\/wp\/v2\/media\/222"}],"wp:attachment":[{"href":"https:\/\/www.evabraeutigam.ch\/index.php\/wp-json\/wp\/v2\/media?parent=17"}],"curies":[{"name":"wp","href":"https:\/\/api.w.org\/{rel}","templated":true}]}}