{"id":4,"date":"2016-03-16T09:36:27","date_gmt":"2016-03-16T07:36:27","guid":{"rendered":"https:\/\/evabrautigam.wordpress.com\/materialien\/"},"modified":"2022-10-01T21:40:52","modified_gmt":"2022-10-01T19:40:52","slug":"materialien","status":"publish","type":"page","link":"https:\/\/www.evabraeutigam.ch\/index.php\/materialien\/","title":{"rendered":"Materialien"},"content":{"rendered":"<p><span lang=\"de-DE\">Feinmassschneiderei und Masskonfektion l\u00e4sst Tr\u00e4ume wahr werden. Zu den Stoffen, aus denen diese Tr\u00e4ume gefertigt werden geh\u00f6ren feintexturierte Materialien wie Wolle, Kaschmir, Seide, Baumwolle und Leinen, die wir neben der legend\u00e4ren Savile Row, auch aus Schottland, aus der Schweiz und aus Italien beziehen.<\/span><\/p>\n<p><span lang=\"de-DE\">Partner von Eva Br\u00e4utigam:<\/span><\/p>\n<div id=\"table_materialien\">\n<table border=\"0\">\n<tbody>\n<tr>\n<th colspan=\"2\">Stoffe<\/th>\n<\/tr>\n<tr>\n<td align=\"left\" height=\"17\">Alumo Textil AG<\/td>\n<td align=\"left\"><a href=\"http:\/\/www.alumo.ch\/\" target=\"_blank\" rel=\"noopener noreferrer\">www.alumo.ch<\/a><\/td>\n<\/tr>\n<tr>\n<td align=\"left\" height=\"17\">Ermenegildo Zegna<\/td>\n<td align=\"left\"><a href=\"http:\/\/www.zegnagroup.com\/lanificio\/tessuti\" target=\"_blank\" rel=\"noopener noreferrer\">www.zegnagroup.com\/lanificio\/tessuti<\/a><\/td>\n<\/tr>\n<tr>\n<td align=\"left\" height=\"17\">Fabric Frontline<\/td>\n<td align=\"left\"><a href=\"http:\/\/www.fabricfrontline.ch\/\" target=\"_blank\" rel=\"noopener noreferrer\">www.fabricfrontline.ch<\/a><\/td>\n<\/tr>\n<tr>\n<td align=\"left\" height=\"17\">Harrisons of Edinburgh<\/td>\n<td align=\"left\"><a href=\"https:\/\/www.harrisonsofedinburgh.com\/\" target=\"_blank\" rel=\"noopener noreferrer\">www.harrisonsofedinburgh.com<\/a><\/td>\n<\/tr>\n<tr>\n<td align=\"left\" height=\"17\">Holland &amp; Sherry<\/td>\n<td align=\"left\"><a href=\"http:\/\/www.hollandandsherry.com\/\" target=\"_blank\" rel=\"noopener noreferrer\">www.hollandandsherry.com<\/a><\/td>\n<\/tr>\n<tr>\n<td align=\"left\" height=\"17\">Jakob Schl\u00e4pfer<\/td>\n<td align=\"left\"><a href=\"http:\/\/jakob-schlaepfer.ch\/\" target=\"_blank\" rel=\"noopener noreferrer\">www.jakob-schlaepfer.ch<\/a><\/td>\n<\/tr>\n<tr>\n<td align=\"left\" height=\"17\">Loro Piana<\/td>\n<td align=\"left\"><a href=\"http:\/\/www.loropiana.com\/\" target=\"_blank\" rel=\"noopener noreferrer\">www.loropiana.com<\/a><\/td>\n<\/tr>\n<tr>\n<td align=\"left\" height=\"17\">Scabal<\/td>\n<td align=\"left\"><a href=\"http:\/\/www.scabal.com\/\" target=\"_blank\" rel=\"noopener noreferrer\">www.scabal.com<\/a><\/td>\n<\/tr>\n<tr>\n<th colspan=\"2\">Einlagen<\/th>\n<\/tr>\n<tr>\n<td>Bernstein &amp; Banleys Ltd<\/td>\n<td><a href=\"http:\/\/www.qualitylinings.co.uk\" target=\"_blank\" rel=\"noopener noreferrer\">www.qualitylinings.co.uk<\/a><\/td>\n<\/tr>\n<tr>\n<td>Kenton Trimmings<\/td>\n<td height=\"45px\"><a href=\"http:\/\/www.kentontrimmings.co.uk\" target=\"_blank\" rel=\"noopener noreferrer\">www.kentontrimmings.co.uk<\/a><\/td>\n<\/tr>\n<tr>\n<th colspan=\"2\">Masshemden<\/th>\n<\/tr>\n<tr>\n<td>Bruli<\/td>\n<td><a href=\"http:\/\/www.bruli.com\" target=\"_blank\" rel=\"noopener noreferrer\">www.bruli.com<\/a><\/td>\n<\/tr>\n<tr>\n<th colspan=\"2\">Unterw\u00e4sche<\/th>\n<\/tr>\n<tr>\n<td>Zimmerli of Switzerland<\/td>\n<td height=\"45px\"><a href=\"http:\/\/www.zimmerli.com\" target=\"_blank\" rel=\"noopener noreferrer\">www.zimmerli.com<\/a><\/td>\n<\/tr>\n<tr>\n<th colspan=\"2\">Krawatten<\/th>\n<\/tr>\n<tr>\n<td height=\"45px\">E. Marinella<\/td>\n<td><a href=\"http:\/\/www.emarinella.com\" target=\"_blank\" rel=\"noopener noreferrer\">www.emarinella.com<\/a><\/td>\n<\/tr>\n<tr>\n<th colspan=\"2\">H\u00fcte<\/th>\n<\/tr>\n<tr>\n<td height=\"45px\">Lock &amp; Co Hatters<\/td>\n<td><a href=\"http:\/\/www.lockhatters.co.uk\" target=\"_blank\" rel=\"noopener noreferrer\">www.lockhatters.co.uk<\/a><\/td>\n<\/tr>\n<\/tbody>\n<\/table>\n<\/div>\n","protected":false},"excerpt":{"rendered":"<p>Feinmassschneiderei und Masskonfektion l\u00e4sst Tr\u00e4ume wahr werden. Zu den Stoffen, aus denen diese Tr\u00e4ume gefertigt werden geh\u00f6ren feintexturierte Materialien wie Wolle, Kaschmir, Seide, Baumwolle und Leinen, die wir neben der legend\u00e4ren Savile Row, auch aus Schottland, aus der Schweiz und aus Italien beziehen. Partner von Eva Br\u00e4utigam: Stoffe Alumo Textil AG www.alumo.ch Ermenegildo Zegna www.zegnagroup.com\/lanificio\/tessuti [&hellip;]<\/p>\n","protected":false},"author":1,"featured_media":114,"parent":0,"menu_order":0,"comment_status":"closed","ping_status":"closed","template":"","meta":[],"_links":{"self":[{"href":"https:\/\/www.evabraeutigam.ch\/index.php\/wp-json\/wp\/v2\/pages\/4"}],"collection":[{"href":"https:\/\/www.evabraeutigam.ch\/index.php\/wp-json\/wp\/v2\/pages"}],"about":[{"href":"https:\/\/www.evabraeutigam.ch\/index.php\/wp-json\/wp\/v2\/types\/page"}],"author":[{"embeddable":true,"href":"https:\/\/www.evabraeutigam.ch\/index.php\/wp-json\/wp\/v2\/users\/1"}],"replies":[{"embeddable":true,"href":"https:\/\/www.evabraeutigam.ch\/index.php\/wp-json\/wp\/v2\/comments?post=4"}],"version-history":[{"count":34,"href":"https:\/\/www.evabraeutigam.ch\/index.php\/wp-json\/wp\/v2\/pages\/4\/revisions"}],"predecessor-version":[{"id":692,"href":"https:\/\/www.evabraeutigam.ch\/index.php\/wp-json\/wp\/v2\/pages\/4\/revisions\/692"}],"wp:featuredmedia":[{"embeddable":true,"href":"https:\/\/www.evabraeutigam.ch\/index.php\/wp-json\/wp\/v2\/media\/114"}],"wp:attachment":[{"href":"https:\/\/www.evabraeutigam.ch\/index.php\/wp-json\/wp\/v2\/media?parent=4"}],"curies":[{"name":"wp","href":"https:\/\/api.w.org\/{rel}","templated":true}]}}