{"id":42,"date":"2016-03-18T10:26:41","date_gmt":"2016-03-18T08:26:41","guid":{"rendered":"https:\/\/evabrautigam.wordpress.com\/?page_id=42"},"modified":"2025-04-11T16:27:39","modified_gmt":"2025-04-11T14:27:39","slug":"home","status":"publish","type":"page","link":"https:\/\/www.evabraeutigam.ch\/","title":{"rendered":"Eva Br\u00e4utigam"},"content":{"rendered":"<p style=\"text-align: center;\"><span style=\"color: #313131;\"><span lang=\"de-DE\">Schon beim Eintreten sp\u00fcrt man es sofort \u2013 In Eva Br\u00e4utigams Atelier ist traditionelles K\u00f6nnen im Hier und Jetzt angekommen. <\/span><\/span><\/p>\n<p style=\"text-align: center;\"><span style=\"color: #313131;\"><span lang=\"de-DE\">Eva Br\u00e4utigam lebt ein Handwerk, das in der Schweiz nur noch eine Handvoll Menschen in der erforderlichen Meisterschaft beherrschen. Sie begeistert mit feinmassgeschneiderten Einzelst\u00fccken, mit Masskonfektion der Extraklasse und mit einer umfassenden Auswahl bester Materialien.<\/span><\/span><\/p>\n<p style=\"text-align: center;\"><span style=\"color: #313131;\"><span lang=\"de-DE\">Handarbeit in Perfektion.<\/span><\/span><\/p>\n","protected":false},"excerpt":{"rendered":"<p>Schon beim Eintreten sp\u00fcrt man es sofort \u2013 In Eva Br\u00e4utigams Atelier ist traditionelles K\u00f6nnen im Hier und Jetzt angekommen. Eva Br\u00e4utigam lebt ein Handwerk, das in der Schweiz nur noch eine Handvoll Menschen in der erforderlichen Meisterschaft beherrschen. Sie begeistert mit feinmassgeschneiderten Einzelst\u00fccken, mit Masskonfektion der Extraklasse und mit einer umfassenden Auswahl bester Materialien. [&hellip;]<\/p>\n","protected":false},"author":1,"featured_media":727,"parent":0,"menu_order":0,"comment_status":"closed","ping_status":"closed","template":"","meta":[],"_links":{"self":[{"href":"https:\/\/www.evabraeutigam.ch\/index.php\/wp-json\/wp\/v2\/pages\/42"}],"collection":[{"href":"https:\/\/www.evabraeutigam.ch\/index.php\/wp-json\/wp\/v2\/pages"}],"about":[{"href":"https:\/\/www.evabraeutigam.ch\/index.php\/wp-json\/wp\/v2\/types\/page"}],"author":[{"embeddable":true,"href":"https:\/\/www.evabraeutigam.ch\/index.php\/wp-json\/wp\/v2\/users\/1"}],"replies":[{"embeddable":true,"href":"https:\/\/www.evabraeutigam.ch\/index.php\/wp-json\/wp\/v2\/comments?post=42"}],"version-history":[{"count":3,"href":"https:\/\/www.evabraeutigam.ch\/index.php\/wp-json\/wp\/v2\/pages\/42\/revisions"}],"predecessor-version":[{"id":306,"href":"https:\/\/www.evabraeutigam.ch\/index.php\/wp-json\/wp\/v2\/pages\/42\/revisions\/306"}],"wp:featuredmedia":[{"embeddable":true,"href":"https:\/\/www.evabraeutigam.ch\/index.php\/wp-json\/wp\/v2\/media\/727"}],"wp:attachment":[{"href":"https:\/\/www.evabraeutigam.ch\/index.php\/wp-json\/wp\/v2\/media?parent=42"}],"curies":[{"name":"wp","href":"https:\/\/api.w.org\/{rel}","templated":true}]}}