{"id":96,"date":"2016-03-22T12:18:09","date_gmt":"2016-03-22T10:18:09","guid":{"rendered":"https:\/\/evabrautigam.wordpress.com\/?page_id=96"},"modified":"2025-04-11T15:27:49","modified_gmt":"2025-04-11T13:27:49","slug":"presse","status":"publish","type":"page","link":"https:\/\/www.evabraeutigam.ch\/index.php\/eva\/presse\/","title":{"rendered":"Presse"},"content":{"rendered":"<table>\n<tbody>\n<tr>\n<th colspan=\"2\">Wild West Meets Classic, Januar 2025<\/th>\n<\/tr>\n<tr>\n<td><img class=\"alignright\" src=\"http:\/\/www.evabraeutigam.ch\/wp-content\/uploads\/2025\/04\/DSC9638.jpg\" width=\"100%\" \/><\/td>\n<td><b>Eva Br\u00e4utigam: Sie macht Massanfertigung und echtes \u201eBespoke\u201d wie in Londons Savile Row.<\/b><br \/>\n<a href=\"https:\/\/www.evabraeutigam.ch\/wp-content\/uploads\/PDF\/BONANZA-01-2025-SHOOTING-ES.pdf\" target=\"_blank\" rel=\"noopener noreferrer\">weiter lesen&#8230;<\/a><\/td>\n<\/tr>\n<tr>\n<th colspan=\"2\">Magazin Z\u00fcrcher Bahnhofstrasse, Dezember 2023<\/th>\n<\/tr>\n<tr>\n<td><img class=\"alignright\" src=\"http:\/\/www.evabraeutigam.ch\/wp-content\/uploads\/presse\/ZBM2.23_EvaBra\u0308utigam.png\" width=\"100%\" \/><\/td>\n<td><b>Die Stoffkunstlerin<\/b><\/p>\n<p>Da, wo Tr\u00e4ume aus Stoff gemacht sind &#8211; massgeschneidert<br \/>\n<a href=\"https:\/\/www.evabraeutigam.ch\/wp-content\/uploads\/PDF\/ZBM2.23_EvaBra\u0308utigam.pdf\" target=\"_blank\" rel=\"noopener noreferrer\">weiter lesen&#8230;<\/a><\/td>\n<\/tr>\n<tr>\n<th colspan=\"2\">Ultimate Luxury M\u00e4rz, 2023<\/th>\n<\/tr>\n<tr>\n<td><img class=\"alignright\" src=\"http:\/\/www.evabraeutigam.ch\/wp-content\/uploads\/presse\/BONANZA_Ultimate_Luxury.png\" width=\"100%\" \/><\/td>\n<td><b>Ultimativer Luxus, dazu geh\u00f6ren auch die ganz pers\u00f6nlichen Einzelst\u00fccke \u2026<\/b><br \/>\n<a href=\"https:\/\/www.evabraeutigam.ch\/wp-content\/uploads\/PDF\/BONANZA_Ultimate_Luxury.pdf\" target=\"_blank\" rel=\"noopener noreferrer\">weiter lesen&#8230;<\/a><\/td>\n<\/tr>\n<tr>\n<th colspan=\"2\">BILANZ \u2014 09 \u2014 2022<\/th>\n<\/tr>\n<tr>\n<td><img class=\"alignright\" src=\"http:\/\/www.evabraeutigam.ch\/wp-content\/uploads\/presse\/BILANZ_ 09-2022.png\" width=\"100%\" \/><\/td>\n<td><b><b><br \/>\nFr\u00fcher waren die Banker von der Wall Street das Modevorbild. Heute sind es die Techies aus dem Silicon Valley. Niemand will mehr wie ein Vertreter der Old Economy aussehen.<br \/>\n<a href=\"https:\/\/www.evabraeutigam.ch\/wp-content\/uploads\/PDF\/2022 - 09 _ENJOY_NewFormalES.pdf\" target=\"_blank\" rel=\"noopener noreferrer\">weiter lesen&#8230;<\/a><\/b><\/b><\/td>\n<\/tr>\n<tr>\n<th colspan=\"2\">hellozurich, 29. September, 2020<\/th>\n<\/tr>\n<tr>\n<td><img class=\"alignright\" src=\"http:\/\/www.evabraeutigam.ch\/wp-content\/uploads\/presse\/hellozurich_26-09-2020.png\" width=\"100%\" \/><\/td>\n<td><b><b><br \/>\nEva Br\u00e4utigam<\/b><\/b>Der Name ist Teil des Programms: Eva Br\u00e4utigam schneidert Kleidung nach Mass. Im Atelier mit den Glasw\u00e4nden entsteht Slow Fashion vom Feinsten.Frustk\u00e4ufe? Fast Fashion? Geht nicht bei Eva Br\u00e4utigam. Die Damen- und Herrenschneiderin stellt von Feinmass bis Masskonfektion Kleidung her, die sich ihren Kunden anpasst \u2013 statt umgekehrt. Dabei liegen der selbstst\u00e4ndigen Schneiderin Tradition und Detail besonders am Herzen. Sie findet: Menschen sollen wieder ein engeres Verh\u00e4ltnis zu Kleidung erhalten.<br \/>\n<a href=\"https:\/\/www.evabraeutigam.ch\/wp-content\/uploads\/PDF\/002_hellozurich_26-09-2020.pdf\" target=\"_blank\" rel=\"noopener noreferrer\">weiter lesen&#8230;<\/a><\/td>\n<\/tr>\n<tr>\n<th colspan=\"2\">NZZ GESELLSCHAFT, 1. November, 2019<\/th>\n<\/tr>\n<tr>\n<td><img class=\"alignright\" src=\"http:\/\/www.evabraeutigam.ch\/wp-content\/uploads\/presse\/nzz_1-Nov_2019.jpg\" width=\"100%\" \/><\/td>\n<td><b>Revolution an der N\u00e4hmaschine<\/b><br \/>\nFast Fashion ist g\u00fcnstig, wird aber auf Kosten von Mensch und Umwelt produziert.<br \/>\nDie Alternative ist fair hergestellte Mode. Noch ist das Angebot klein, aber es w\u00e4chst.<br \/>\n<a href=\"http:\/\/www.evabraeutigam.ch\/wp-content\/uploads\/PDF\/nzz_1-Nov_2019.pdf\" target=\"_blank\" rel=\"noopener noreferrer\">weiter lesen&#8230;<\/a><\/td>\n<\/tr>\n<tr>\n<th colspan=\"2\">BILANZ, September, 2019<\/th>\n<\/tr>\n<tr>\n<td><img class=\"alignright\" src=\"http:\/\/www.evabraeutigam.ch\/wp-content\/uploads\/presse\/Mass-Schneiderin-Eva-Braeutigam-DS.jpg\" width=\"100%\" \/><\/td>\n<td><b>Gl\u00fcckliche Exotin<\/b><br \/>\nDer M\u00e4nnertraum Massanzug l\u00e4sst sich meist nur durch \u00e4ltere Herren mit Schneiderkreide wahr machen. Die junge Schweizerin Eva Br\u00e4utigam ist mit ihrem Atelier eine moderne Amazone in dieser M\u00e4nnerdom\u00e4ne \u2013 und betreibt dieses anspruchsvolle Handwerk auf h\u00f6chst klassische Art.<br \/>\n<a href=\"http:\/\/www.evabraeutigam.ch\/wp-content\/uploads\/PDF\/Mass-Schneiderin_Eva-Braeutigam-DS.pdf\" target=\"_blank\" rel=\"noopener noreferrer\">weiter lesen&#8230;<\/a><\/td>\n<\/tr>\n<tr>\n<th colspan=\"2\">Werbeplakat in Z\u00fcrich, November 2017<\/th>\n<\/tr>\n<tr>\n<td colspan=\"2\"><img class=\"alignleft\" src=\"http:\/\/www.evabraeutigam.ch\/wp-content\/uploads\/presse\/RZ_F200_Schneiderin.jpg\" alt=\"\" width=\"250\" \/><\/p>\n<p><img class=\"alignright\" src=\"http:\/\/www.evabraeutigam.ch\/wp-content\/uploads\/presse\/160407_RZ_F12_SChneiderei.jpg\" width=\"430\" \/><\/td>\n<\/tr>\n<tr>\n<th colspan=\"2\">Kiwanis Thurtal, 25. September 2017<\/th>\n<\/tr>\n<tr>\n<td><img class=\"alignright\" src=\"http:\/\/www.evabraeutigam.ch\/wp-content\/uploads\/presse\/braeutigam-kiwanis.jpg\" width=\"100%\" \/><\/td>\n<td><b>Vom Knopfloch bis zum Saum \u00ad\u2013 alles in Handarbeit<\/b><br \/>\nEva Br\u00e4utigam, Feinmass-Schneiderin, aufgewachsen in Kreuzlingen, stellte beim Kiwanis Club Thurtal ihr aussergew\u00f6hnliches, in der Schweiz nur noch selten ausge\u00fcbtes Handwerk vor.<br \/>\n<a href=\"http:\/\/www.evabraeutigam.ch\/wp-content\/uploads\/PDF\/Kiwanis_Thurtal.pdf\" target=\"_blank\" rel=\"noopener noreferrer\">weiter lesen&#8230;<\/a><\/td>\n<\/tr>\n<tr>\n<th colspan=\"2\">Swisscom Unternehmensbrosch\u00fcre, Februar 2017<\/th>\n<\/tr>\n<tr>\n<td><img class=\"alignright\" src=\"http:\/\/www.evabraeutigam.ch\/wp-content\/uploads\/presse\/swisscom_unternehmensbroschuere_2016_de.jpg\" width=\"100%\" \/><\/td>\n<td><b>Die tapfere Schneiderin: Eva Br\u00e4utigam.<\/b><br \/>\nSechs Tage lang sticht Eva Br\u00e4utigam zu. Dann schmiegen sich ihre St\u00fccke passgenau an Frau oder Mann. \u00abDu musst es lieben oder lassen\u00bb, sagt Eva \u00fcber die Feinmassschneiderei: das traditionelle Handwerk aus England, das sie als eine der letzten in der Schweiz beherrscht.<br \/>\n<a href=\"http:\/\/www.evabraeutigam.ch\/wp-content\/uploads\/PDF\/swisscom_unternehmensbroschuere_2016_de.pdf\" target=\"_blank\" rel=\"noopener noreferrer\">weiter lesen&#8230;<\/a><\/td>\n<\/tr>\n<tr>\n<th colspan=\"2\">DOSSIER, 30. Januar 2017<\/th>\n<\/tr>\n<tr>\n<td><img class=\"alignnone\" src=\"http:\/\/www.evabraeutigam.ch\/wp-content\/uploads\/presse\/20170130-TAG-TA-SPEZ.jpg\" width=\"100%\" \/><\/td>\n<td><b>Zuerst das Handwerk, dann die Kreativit\u00e4t<\/b><br \/>\nDie eine stellt hochwertige Massbekleidung her, die andere exklusive Schuhe und Handtaschen. Doch bevor sie ihre Ideen umsetzen konnten, erlernten beide ein Handwerk: Eva Br\u00e4utigam als Schneiderin, Steffi Thalmann als Schuhmacherin.<br \/>\n<a href=\"http:\/\/www.evabraeutigam.ch\/wp-content\/uploads\/PDF\/20170130-TAG-TA-SPEZ.pdf\" target=\"_blank\" rel=\"noopener noreferrer\">weiter lesen&#8230;<\/a><\/td>\n<\/tr>\n<tr>\n<th colspan=\"2\">Thurgauer Zeitung, 20. Oktober 2016<\/th>\n<\/tr>\n<tr>\n<td><img class=\"alignnone\" src=\"http:\/\/www.evabraeutigam.ch\/wp-content\/uploads\/presse\/tbtg-20.10.16-047_02.jpg\" width=\"100%\" \/><\/td>\n<td><b>Das fleissige Schneiderlein<\/b><br \/>\nHingabe Sie arbeitet sechs Tage die Woche, zw\u00f6lf Stunden am Tag.<br \/>\nDie geb\u00fcrtige Kreuzlingerin Eva Br\u00e4utigam hat ihr Leben der Feinmassschneiderei verschrieben.<br \/>\n<a href=\"http:\/\/www.evabraeutigam.ch\/wp-content\/uploads\/PDF\/tbtg-20.10.16-047_02.pdf\" target=\"_blank\" rel=\"noopener noreferrer\">weiter lesen&#8230;<\/a><\/td>\n<\/tr>\n<tr>\n<th colspan=\"2\">PUNKT Magazin, 27. September 2016<\/th>\n<\/tr>\n<tr>\n<td><img class=\"alignnone\" src=\"http:\/\/www.evabraeutigam.ch\/wp-content\/uploads\/presse\/PT63_Dossier.jpg\" width=\"100%\" \/><\/td>\n<td><b>Stoff, Metall, Leder<\/b><br \/>\nSich mit dem Allt\u00e4glichen zufrieden geben \u2013 das kann sich der Businessmann von heute nicht mehr leisten. Doch statt blindlings in \u00abMust-haves\u00bb grosser Luxushersteller zu investieren, sollte er sich in der n\u00e4heren Umgebung umschauen.<br \/>\n<a href=\"http:\/\/www.evabraeutigam.ch\/wp-content\/uploads\/PDF\/PT63_Dossier.pdf\" target=\"_blank\" rel=\"noopener noreferrer\">weiter lesen&#8230;<\/a><\/td>\n<\/tr>\n<tr>\n<th colspan=\"2\">annabelle 12\/16, 10. August 2016<\/th>\n<\/tr>\n<tr>\n<td><img class=\"alignleft\" src=\"http:\/\/www.evabraeutigam.ch\/wp-content\/uploads\/presse\/anna_20160810_0_0_26.jpg\" width=\"100%\" \/><\/td>\n<td><b>DIE TAPFERE SCHNEIDERIN<\/b><br \/>\nEva Br\u00e4utigam fertigt in \u00adeineinhalb Monaten einen einzigen Anzug.<br \/>\nF\u00fcr Qualit\u00e4t \u2013 und eine sch\u00f6ne Helden\u00ad\u00adbrust \u2013 scheut sie keine M\u00fchen.<br \/>\n<a href=\"http:\/\/www.evabraeutigam.ch\/wp-content\/uploads\/PDF\/annabell_20160810.pdf\" target=\"_blank\" rel=\"noopener noreferrer\">weiter lesen&#8230;<\/a><\/td>\n<\/tr>\n<tr>\n<th colspan=\"2\">Radio SRF1, Pers\u00f6nlich, 11. Oktober 2015<\/th>\n<\/tr>\n<tr>\n<td><img class=\"alignleft\" src=\"http:\/\/www.evabraeutigam.ch\/wp-content\/uploads\/presse\/persoenlich_srf.jpg\" width=\"100%\" \/><\/td>\n<td><b>Boxende Schneiderin trifft schlagfertigen Bestatter<\/b><br \/>\nSie schaltet beim Salsa tanzen ab, er in seinem Boot auf dem Z\u00fcrichsee. Dazu z\u00fcnden die G\u00e4ste von Anita Richner gerne auch mal eine Zigarre oder Zigarette an. Die Feinmass-Schneiderin Eva Br\u00e4utigam und der Schauspieler Mike M\u00fcller sind zu Gast im \u00abPers\u00f6nlich\u00bb aus Z\u00fcrich. <a href=\"http:\/\/www.srf.ch\/sendungen\/persoenlich\/boxende-schneiderin-trifft-schlagfertigen-bestatter\" target=\"_blank\" rel=\"noopener noreferrer\">weiter lesen&#8230;<\/a><\/td>\n<\/tr>\n<tr>\n<th colspan=\"2\">ZH Tages Anzeiger, 07. Oktober 2015<\/th>\n<\/tr>\n<tr>\n<td><img class=\"alignleft\" src=\"http:\/\/www.evabraeutigam.ch\/wp-content\/uploads\/presse\/tagi_10_10_15.jpg\" width=\"100%\" \/><\/td>\n<td><b>Die Schneiderin in der Europaallee<\/b><br \/>\nMehr als eine Woche n\u00e4ht Eva Br\u00e4utigam in ihrem neuen Gesch\u00e4ft an einem Massanzug. Nebenher engagiert sie sich im Zentrum Juch f\u00fcr Asylsuchende. <a href=\"http:\/\/www.tagesanzeiger.ch\/zuerich\/bellevue\/Die-Schneiderin-in-der-Europaallee\/story\/26025025\" target=\"_blank\" rel=\"noopener noreferrer\">weiter lesen&#8230;<\/a><\/td>\n<\/tr>\n<tr>\n<th colspan=\"2\">Europaallee, 22. Juni 2015<\/th>\n<\/tr>\n<tr>\n<td><img class=\"alignleft\" src=\"http:\/\/www.evabraeutigam.ch\/wp-content\/uploads\/presse\/Interview-Eva-Braeutigam_europaallee.jpg\" width=\"100%\" \/><\/td>\n<td><b>Interview mit Eva Br\u00e4utigam<\/b><br \/>\nEva Br\u00e4utigam stemmt sich auf die Handhebel-Espressomaschine und strahlt mit der Sonne um die Wette, an diesem Fr\u00fchsommertag in ihrem Gesch\u00e4ft in der Lagerstrasse 96. <a href=\"http:\/\/www.europaallee.ch\/blog\/interview-mit-eva-br\u00e4utigam\" target=\"_blank\" rel=\"noopener noreferrer\">weiter lesen&#8230;<\/a><\/td>\n<\/tr>\n<tr>\n<th colspan=\"2\">SRF &#8222;Aeschbacher&#8220;, 13. Juni 2013<\/th>\n<\/tr>\n<tr>\n<td><img class=\"alignleft\" src=\"http:\/\/www.evabraeutigam.ch\/wp-content\/uploads\/presse\/aeschbacher_eva-braeutigam.png\" width=\"100%\" \/><\/td>\n<td><b>Def\u00fcr und dewider<\/b><br \/>\nDonnerstag, 13. Juni 2013, 22:20 Uhr<br \/>\nEva Br\u00e4utigam ist zu Gast bei Kurt Aeschbacher. <a href=\"http:\/\/www.evabraeutigam.ch\/wp-content\/uploads\/video\/Eva_aeschbacher_01.m4v\" target=\"_blank\" rel=\"noopener noreferrer\">abspielen&#8230;<\/a><\/td>\n<\/tr>\n<tr>\n<th colspan=\"2\">ZH Tages Anzeiger, 03. Oktober 2012<\/th>\n<\/tr>\n<tr>\n<td><img class=\"alignleft\" src=\"http:\/\/www.evabraeutigam.ch\/wp-content\/uploads\/presse\/tazh-main_2012-10-03.png\" width=\"100%\" \/><\/td>\n<td><b>Mit Zigarren, Zwirn und Boxhandschuhen<\/b><br \/>\nEVA BR\u00c4UTIGAM Sie war Amateurboxerin, raucht Zigarren, beherrscht die Feinmassschneiderei und gibt in Favelas N\u00e4hkurse. <a href=\"http:\/\/www.evabraeutigam.ch\/wp-content\/uploads\/PDF\/tazh-_main_-2012-10-03-006_007.pdf\" target=\"_blank\" rel=\"noopener noreferrer\">weiter lesen&#8230;<\/a><\/td>\n<\/tr>\n<tr>\n<th colspan=\"2\">Thurgauer Zeitung, 14. Mai 2012<\/th>\n<\/tr>\n<tr>\n<td><img class=\"alignleft\" src=\"http:\/\/www.evabraeutigam.ch\/wp-content\/uploads\/presse\/tbhb-14_05_12-031.png\" width=\"100%\" \/><\/td>\n<td><b>Nadel und Faden und harte Faust<\/b><br \/>\nSie arbeitet mit Nadel, Faden und Schere, n\u00e4ht auf Mass und mit der Hand. <a href=\"http:\/\/www.evabraeutigam.ch\/wp-content\/uploads\/PDF\/tbhb-14.05.12-031.PDF\" target=\"_blank\" rel=\"noopener noreferrer\">weiter lesen&#8230;<\/a><\/td>\n<\/tr>\n<tr>\n<th colspan=\"2\">Neue Z\u00fcrcher Zeitung, 24. Dezember 2011<\/th>\n<\/tr>\n<tr>\n<td><img class=\"alignleft\" src=\"http:\/\/www.evabraeutigam.ch\/wp-content\/uploads\/presse\/nzz_24_12_11.jpg\" width=\"100%\" \/><\/td>\n<td><b>Auf den K\u00f6rper geschneidert.<\/b><br \/>\nFeinmass von Eva Br\u00e4utigam,<br \/>\nMasskonfektion gilt &#8211; im Gegensatz zu Kleidungsst\u00fccken von der Stange &#8211; bereits<br \/>\nals recht edel. Sozusagen das Mass aller Dinge in der Branche der Damen- und<br \/>\nHerrenschneider ist aber das Feinmass.<br \/>\n<a href=\"http:\/\/www.evabraeutigam.ch\/wp-content\/uploads\/PDF\/nzz-24_12_11.pdf\" target=\"_blank\" rel=\"noopener noreferrer\">weiter lesen&#8230;<\/a><\/td>\n<\/tr>\n<tr>\n<th colspan=\"2\">Cigar, Dezember 2010<\/th>\n<\/tr>\n<tr>\n<td><img class=\"alignleft\" src=\"http:\/\/www.evabraeutigam.ch\/wp-content\/uploads\/presse\/CO410_16-21_eva-braeutigam.png\" width=\"100%\" \/><\/td>\n<td>Die Freude an der Qualit\u00e4t, oder warum es Sinn macht, sich seine Kleider machen zu lassen. Die Lehre von Stilen und Stoffen, Schnitten und Stichen. <a href=\"http:\/\/www.evabraeutigam.ch\/wp-content\/uploads\/PDF\/C0410_16-21_eva-braeutigam_DS.pdf\" target=\"_blank\" rel=\"noopener noreferrer\">weiter lesen&#8230;<\/a><\/td>\n<\/tr>\n<tr>\n<th colspan=\"2\">LADIES DRIVE, Januar 2011<\/th>\n<\/tr>\n<tr>\n<td><img class=\"alignleft\" src=\"http:\/\/www.evabraeutigam.ch\/wp-content\/uploads\/presse\/ladiesdrive_04.png\" width=\"100%\" \/><\/p>\n<p>&nbsp;<\/td>\n<td>In unserem vierteiligen &#8222;Zigarren &#8211; Knigge&#8220; dreht sich alles um den Genuss, die richtige Handhabung der Zigarre sowie Tipps und Tricks zur Lagerung. Wir erhalten Einblicke in die Philosophie des ber\u00fchmten Zigarrenkenners Zino Davidoff <a href=\"http:\/\/www.evabraeutigam.ch\/wp-content\/uploads\/PDF\/LadiesDrive_ZigarrenKnigge.pdf\" target=\"_blank\" rel=\"noopener noreferrer\">weiter lesen&#8230;<\/a><\/td>\n<\/tr>\n<tr>\n<th colspan=\"2\">LADIES DRIVE, 2010<\/th>\n<\/tr>\n<tr>\n<td><img class=\"alignleft\" src=\"http:\/\/www.evabraeutigam.ch\/wp-content\/uploads\/presse\/ladiesdrive_14.png\" width=\"100%\" \/><\/td>\n<td>No14 Fashion Made In Switzerland <a href=\"http:\/\/www.evabraeutigam.ch\/wp-content\/uploads\/PDF\/LadiesDrive_No14.pdf\" target=\"_blank\" rel=\"noopener noreferrer\">weiter lesen&#8230;<\/a><\/td>\n<\/tr>\n<\/tbody>\n<\/table>\n","protected":false},"excerpt":{"rendered":"<p>Wild West Meets Classic, Januar 2025 Eva Br\u00e4utigam: Sie macht Massanfertigung und echtes \u201eBespoke\u201d wie in Londons Savile Row. weiter lesen&#8230; Magazin Z\u00fcrcher Bahnhofstrasse, Dezember 2023 Die Stoffkunstlerin Da, wo Tr\u00e4ume aus Stoff gemacht sind &#8211; massgeschneidert weiter lesen&#8230; Ultimate Luxury M\u00e4rz, 2023 Ultimativer Luxus, dazu geh\u00f6ren auch die ganz pers\u00f6nlichen Einzelst\u00fccke \u2026 weiter lesen&#8230; [&hellip;]<\/p>\n","protected":false},"author":1,"featured_media":233,"parent":107,"menu_order":0,"comment_status":"closed","ping_status":"closed","template":"","meta":[],"_links":{"self":[{"href":"https:\/\/www.evabraeutigam.ch\/index.php\/wp-json\/wp\/v2\/pages\/96"}],"collection":[{"href":"https:\/\/www.evabraeutigam.ch\/index.php\/wp-json\/wp\/v2\/pages"}],"about":[{"href":"https:\/\/www.evabraeutigam.ch\/index.php\/wp-json\/wp\/v2\/types\/page"}],"author":[{"embeddable":true,"href":"https:\/\/www.evabraeutigam.ch\/index.php\/wp-json\/wp\/v2\/users\/1"}],"replies":[{"embeddable":true,"href":"https:\/\/www.evabraeutigam.ch\/index.php\/wp-json\/wp\/v2\/comments?post=96"}],"version-history":[{"count":109,"href":"https:\/\/www.evabraeutigam.ch\/index.php\/wp-json\/wp\/v2\/pages\/96\/revisions"}],"predecessor-version":[{"id":743,"href":"https:\/\/www.evabraeutigam.ch\/index.php\/wp-json\/wp\/v2\/pages\/96\/revisions\/743"}],"up":[{"embeddable":true,"href":"https:\/\/www.evabraeutigam.ch\/index.php\/wp-json\/wp\/v2\/pages\/107"}],"wp:featuredmedia":[{"embeddable":true,"href":"https:\/\/www.evabraeutigam.ch\/index.php\/wp-json\/wp\/v2\/media\/233"}],"wp:attachment":[{"href":"https:\/\/www.evabraeutigam.ch\/index.php\/wp-json\/wp\/v2\/media?parent=96"}],"curies":[{"name":"wp","href":"https:\/\/api.w.org\/{rel}","templated":true}]}}